{"id":84,"date":"2024-12-10T03:14:29","date_gmt":"2024-12-10T03:14:29","guid":{"rendered":"http:\/\/localhost\/law-legal\/?page_id=84"},"modified":"2024-12-31T13:14:54","modified_gmt":"2024-12-31T06:14:54","slug":"nhan-hieu","status":"publish","type":"page","link":"http:\/\/store1.k-tech-services.com\/phapluat1\/dich-vu\/nhan-hieu\/","title":{"rendered":"Nh\u00e3n hi\u1ec7u"},"content":{"rendered":"\n\n\n\n<div class=\"row\"  id=\"row-1734634162\">\n\n\n\t<div id=\"col-1428061717\" class=\"col medium-9 small-12 large-9\"  >\n\t\t\t\t<div class=\"col-inner\"  >\n\t\t\t\n\t\t\t\n\n\n\t<section class=\"section s-test\" id=\"section_2013269045\">\n\t\t<div class=\"section-bg fill\" >\n\t\t\t\t\t\t\t\t\t\n\t\t\t\n\n\t\t<\/div>\n\n\t\t\n\n\t\t<div class=\"section-content relative\">\n\t\t\t\n\n<nav class=\"breadcrumbs\"><a href=\"http:\/\/store1.k-tech-services.com\/phapluat1\">Trang ch\u1ee7<\/a> \/ <\/nav>\n<div class=\"container section-title-container\" ><h2 class=\"section-title section-title-normal\"><b><\/b><span class=\"section-title-main\" style=\"color:rgb(195, 107, 0);\">Nh\u00e3n hi\u1ec7u<\/span><b><\/b><\/h2><\/div>\n\n<div class=\"accordion according-in-page\">\n\n\t<div id=\"accordion-3570506617\" class=\"accordion-item\">\n\t\t<a id=\"accordion-3570506617-label\" class=\"accordion-title plain\" href=\"#accordion-item-kh\u00c1i-ni\u1ec6m\" aria-expanded=\"false\" aria-controls=\"accordion-3570506617-content\" >\n\t\t\t<button class=\"toggle\" aria-label=\"Chuy\u1ec3n \u0111\u1ed5i\"><i class=\"icon-angle-down\"><\/i><\/button>\n\t\t\t<span>KH\u00c1I NI\u1ec6M<\/span>\n\t\t<\/a>\n\t\t<div id=\"accordion-3570506617-content\" class=\"accordion-inner\" aria-labelledby=\"accordion-3570506617-label\" >\n\t\t\t\n\n<p>Nh\u00e3n hi\u1ec7u l\u00e0 d\u1ea5u hi\u1ec7u d\u00f9ng \u0111\u1ec3 ph\u00e2n bi\u1ec7t h\u00e0ng h\u00f3a, d\u1ecbch v\u1ee5 c\u1ee7a c\u00e1c t\u1ed5 ch\u1ee9c, c\u00e1 nh\u00e2n kh\u00e1c nhau.<\/p>\n<p>D\u1ea5u hi\u1ec7u d\u00f9ng l\u00e0m nh\u00e3n hi\u1ec7u ph\u1ea3i l\u00e0 d\u1ea5u hi\u1ec7u nh\u00ecn th\u1ea5y \u0111\u01b0\u1ee3c d\u01b0\u1edbi d\u1ea1ng ch\u1eef c\u00e1i, t\u1eeb ng\u1eef, h\u00ecnh v\u1ebd, h\u00ecnh \u1ea3nh, h\u00ecnh ba chi\u1ec1u ho\u1eb7c s\u1ef1 k\u1ebft h\u1ee3p c\u00e1c y\u1ebfu t\u1ed1 \u0111\u00f3, \u0111\u01b0\u1ee3c th\u1ec3 hi\u1ec7n b\u1eb1ng m\u1ed9t ho\u1eb7c nhi\u1ec1u m\u00e0u s\u1eafc ho\u1eb7c d\u1ea5u hi\u1ec7u \u00e2m thanh th\u1ec3 hi\u1ec7n \u0111\u01b0\u1ee3c d\u01b0\u1edbi d\u1ea1ng \u0111\u1ed3 h\u1ecda.<\/p>\n\n\t\t<\/div>\n\t<\/div>\n\t\n\t<div id=\"accordion-2000577126\" class=\"accordion-item\">\n\t\t<a id=\"accordion-2000577126-label\" class=\"accordion-title plain\" href=\"#accordion-item-th\u1ee6-t\u1ee4c-\u0110\u0102ng-k\u00dd\" aria-expanded=\"false\" aria-controls=\"accordion-2000577126-content\" >\n\t\t\t<button class=\"toggle\" aria-label=\"Chuy\u1ec3n \u0111\u1ed5i\"><i class=\"icon-angle-down\"><\/i><\/button>\n\t\t\t<span>TH\u1ee6 T\u1ee4C \u0110\u0102NG K\u00dd<\/span>\n\t\t<\/a>\n\t\t<div id=\"accordion-2000577126-content\" class=\"accordion-inner\" aria-labelledby=\"accordion-2000577126-label\" >\n\t\t\t\n\n<p><strong>1. T\u00e0i li\u1ec7u t\u1ed1i thi\u1ec3u<\/strong><\/p>\n<p>&#8211; <a href=\"https:\/\/dongnghialaw.com\/wp-content\/uploads\/2024\/12\/PL1.8.-To-khai-nhan-hieu.docx\">T\u1edd khai \u0111\u0103ng k\u00fd nh\u00e3n hi\u1ec7u, \u0111\u00e1nh m\u00e1y theo m\u1eabu s\u1ed1 08 Ph\u1ee5 l\u1ee5c I Ngh\u1ecb \u0111\u1ecbnh 65\/2023\/N\u0110-CP<\/a> [Ph\u1ea7n m\u00f4 t\u1ea3 nh\u00e3n hi\u1ec7u: m\u1eabu nh\u00e3n hi\u1ec7u ph\u1ea3i \u0111\u01b0\u1ee3c m\u00f4 t\u1ea3 \u0111\u1ec3 l\u00e0m r\u00f5 c\u00e1c y\u1ebfu t\u1ed1 c\u1ea5u th\u00e0nh c\u1ee7a nh\u00e3n hi\u1ec7u v\u00e0 \u00fd ngh\u0129a t\u1ed5ng th\u1ec3 c\u1ee7a nh\u00e3n hi\u1ec7u n\u1ebfu c\u00f3; n\u1ebfu nh\u00e3n hi\u1ec7u c\u00f3 t\u1eeb, ng\u1eef thu\u1ed9c ng\u00f4n ng\u1eef t\u01b0\u1ee3ng h\u00ecnh th\u00ec t\u1eeb, ng\u1eef \u0111\u00f3 ph\u1ea3i \u0111\u01b0\u1ee3c phi\u00ean \u00e2m; nh\u00e3n hi\u1ec7u c\u00f3 t\u1eeb, ng\u1eef b\u1eb1ng ti\u1ebfng n\u01b0\u1edbc ngo\u00e0i th\u00ec ph\u1ea3i \u0111\u01b0\u1ee3c d\u1ecbch ra ti\u1ebfng Vi\u1ec7t. N\u1ebfu nh\u00e3n hi\u1ec7u c\u00f3 ch\u1ee9a ch\u1eef s\u1ed1 kh\u00f4ng ph\u1ea3i l\u00e0 ch\u1eef s\u1ed1 \u1ea3-r\u1eadp ho\u1eb7c la-m\u00e3 th\u00ec ph\u1ea3i d\u1ecbch ra ch\u1eef s\u1ed1 \u1ea3-r\u1eadp; ph\u1ea7n Danh m\u1ee5c c\u00e1c h\u00e0ng ho\u00e1\/d\u1ecbch v\u1ee5 trong t\u1edd khai ph\u1ea3i \u0111\u01b0\u1ee3c ph\u00e2n\u00a0 nh\u00f3m ph\u00f9 h\u1ee3p v\u1edbi b\u1ea3ng ph\u00e2n lo\u1ea1i qu\u1ed1c t\u1ebf v\u1ec1 h\u00e0ng ho\u00e1, d\u1ecbch v\u1ee5 (theo Tho\u1ea3 \u01b0\u1edbc Nice l\u1ea7n th\u1ee9 12)].<\/p>\n<p>&#8211; 05 M\u1eabu nh\u00e3n hi\u1ec7u k\u00e8m theo (m\u1eabu nh\u00e3n hi\u1ec7u k\u00e8m theo ph\u1ea3i gi\u1ed1ng h\u1ec7t m\u1eabu nh\u00e3n hi\u1ec7u d\u00e1n tr\u00ean t\u1edd khai \u0111\u01a1n \u0111\u0103ng k\u00fd k\u1ec3 c\u1ea3 v\u1ec1 k\u00edch th\u01b0\u1edbc v\u00e0 m\u00e0u s\u1eafc. M\u1eabu nh\u00e3n hi\u1ec7u ph\u1ea3i \u0111\u01b0\u1ee3c tr\u00ecnh b\u00e0y r\u00f5 r\u00e0ng v\u1edbi k\u00edch th\u01b0\u1edbc c\u1ee7a m\u1ed7i th\u00e0nh ph\u1ea7n trong nh\u00e3n hi\u1ec7u kh\u00f4ng l\u1edbn h\u01a1n 80mm v\u00e0 kh\u00f4ng nh\u1ecf h\u01a1n 8mm, t\u1ed5ng th\u1ec3 nh\u00e3n hi\u1ec7u ph\u1ea3i \u0111\u01b0\u1ee3c tr\u00ecnh b\u00e0y trong khu\u00f4n m\u1eabu nh\u00e3n hi\u1ec7u c\u00f3 k\u00edch th\u01b0\u1edbc 80mm x 80mm. N\u1ebfu y\u00eau c\u1ea7u b\u1ea3o h\u1ed9 m\u00e0u s\u1eafc th\u00ec t\u1ea5t c\u1ea3 c\u00e1c m\u1eabu nh\u00e3n hi\u1ec7u tr\u00ean t\u1edd khai v\u00e0 k\u00e8m theo \u0111\u1ec1u ph\u1ea3i \u0111\u01b0\u1ee3c tr\u00ecnh b\u00e0y \u0111\u00fang m\u00e0u s\u1eafc c\u1ea7n b\u1ea3o h\u1ed9);<\/p>\n<p>&#8211; Ch\u1ee9ng t\u1eeb n\u1ed9p ph\u00ed, l\u1ec7 ph\u00ed.<\/p>\n<p>Tr\u01b0\u1eddng h\u1ee3p \u0111\u01a1n \u0111\u0103ng k\u00fd nh\u00e3n hi\u1ec7u l\u00e0 nh\u00e3n hi\u1ec7u t\u1eadp th\u1ec3 ho\u1eb7c nh\u00e3n hi\u1ec7u ch\u1ee9ng nh\u1eadn, ngo\u00e0i c\u00e1c t\u00e0i li\u1ec7u t\u1ed1i thi\u1ec3u n\u00eau tr\u00ean, \u0111\u01a1n \u0111\u0103ng k\u00fd c\u1ea7n ph\u1ea3i c\u00f3 th\u00eam c\u00e1c t\u00e0i li\u1ec7u sau:<\/p>\n<p>&#8211; Quy ch\u1ebf s\u1eed d\u1ee5ng nh\u00e3n hi\u1ec7u t\u1eadp th\u1ec3 ho\u1eb7c nh\u00e3n hi\u1ec7u ch\u1ee9ng nh\u1eadn;<\/p>\n<p>&#8211; B\u1ea3n thuy\u1ebft minh v\u1ec1 t\u00ednh ch\u1ea5t, ch\u1ea5t l\u01b0\u1ee3ng \u0111\u1eb7c tr\u01b0ng (ho\u1eb7c \u0111\u1eb7c th\u00f9) c\u1ee7a s\u1ea3n ph\u1ea9m mang nh\u00e3n hi\u1ec7u (n\u1ebfu nh\u00e3n hi\u1ec7u \u0111\u01b0\u1ee3c \u0111\u0103ng k\u00fd l\u00e0 nh\u00e3n hi\u1ec7u t\u1eadp th\u1ec3 d\u00f9ng cho s\u1ea3n ph\u1ea9m c\u00f3 t\u00ednh ch\u1ea5t \u0111\u1eb7c th\u00f9 ho\u1eb7c l\u00e0 nh\u00e3n hi\u1ec7u ch\u1ee9ng nh\u1eadn ch\u1ea5t l\u01b0\u1ee3ng c\u1ee7a s\u1ea3n ph\u1ea9m ho\u1eb7c l\u00e0 nh\u00e3n hi\u1ec7u ch\u1ee9ng nh\u1eadn ngu\u1ed3n g\u1ed1c \u0111\u1ecba l\u00fd c\u1ee7a \u0111\u1eb7c s\u1ea3n \u0111\u1ecba ph\u01b0\u01a1ng);<\/p>\n<p>&#8211; B\u1ea3n \u0111\u1ed3 khu v\u1ef1c \u0111\u1ecba l\u00fd (n\u1ebfu nh\u00e3n hi\u1ec7u \u0111\u0103ng k\u00fd l\u00e0 nh\u00e3n hi\u1ec7u ch\u1ee9ng nh\u1eadn ngu\u1ed3n g\u1ed1c \u0111\u1ecba l\u00fd c\u1ee7a s\u1ea3n ph\u1ea9m, ho\u1eb7c nh\u00e3n hi\u1ec7u ch\u1ee9a \u0111\u1ecba danh ho\u1eb7c d\u1ea5u hi\u1ec7u ch\u1ec9 ngu\u1ed3n g\u1ed1c \u0111\u1ecba l\u00fd c\u1ee7a \u0111\u1eb7c s\u1ea3n \u0111\u1ecba ph\u01b0\u01a1ng).<\/p>\n<p>&#8211; V\u0103n b\u1ea3n c\u1ee7a \u1ee6y ban nh\u00e2n d\u00e2n t\u1ec9nh, th\u00e0nh ph\u1ed1 tr\u1ef1c thu\u1ed9c Trung \u01b0\u01a1ng cho ph\u00e9p s\u1eed d\u1ee5ng \u0111\u1ecba danh ho\u1eb7c d\u1ea5u hi\u1ec7u kh\u00e1c ch\u1ec9 ngu\u1ed3n g\u1ed1c \u0111\u1ecba l\u00fd c\u1ee7a \u0111\u1eb7c s\u1ea3n \u0111\u1ecba ph\u01b0\u01a1ng \u0111\u1ec3 \u0111\u0103ng k\u00fd nh\u00e3n hi\u1ec7u (n\u1ebfu nh\u00e3n hi\u1ec7u \u0111\u0103ng k\u00fd l\u00e0 nh\u00e3n hi\u1ec7u t\u1eadp th\u1ec3, nh\u00e3n hi\u1ec7u ch\u1ee9ng nh\u1eadn c\u00f3 ch\u1ee9a \u0111\u1ecba danh ho\u1eb7c d\u1ea5u hi\u1ec7u kh\u00e1c ch\u1ec9 ngu\u1ed3n g\u1ed1c \u0111\u1ecba l\u00fd c\u1ee7a \u0111\u1eb7c s\u1ea3n \u0111\u1ecba ph\u01b0\u01a1ng).<\/p>\n<p><strong>2. C\u00e1c t\u00e0i li\u1ec7u kh\u00e1c (n\u1ebfu c\u00f3)<\/strong><\/p>\n<p>&#8211; Gi\u1ea5y u\u1ef7 quy\u1ec1n (n\u1ebfu n\u1ed9p \u0111\u01a1n \u0111\u0103ng k\u00fd n\u1ed9p th\u00f4ng qua c\u00e1c t\u1ed5 ch\u1ee9c d\u1ecbch v\u1ee5 \u0111\u1ea1i di\u1ec7n s\u1edf h\u1eefu c\u00f4ng nghi\u1ec7p);<\/p>\n<p>&#8211; T\u00e0i li\u1ec7u x\u00e1c nh\u1eadn \u0111\u01b0\u1ee3c ph\u00e9p s\u1eed d\u1ee5ng c\u00e1c d\u1ea5u hi\u1ec7u \u0111\u1eb7c bi\u1ec7t (n\u1ebfu nh\u00e3n hi\u1ec7u y\u00eau c\u1ea7u b\u1ea3o h\u1ed9 c\u00f3 ch\u1ee9a c\u00e1c bi\u1ec3u t\u01b0\u1ee3ng, c\u1edd, huy hi\u1ec7u c\u1ee7a c\u01a1 quan, t\u1ed5 ch\u1ee9c trong n\u01b0\u1edbc v\u00e0 qu\u1ed1c t\u1ebf\u2026);<\/p>\n<p>&#8211; T\u00e0i li\u1ec7u ch\u1ee9ng minh quy\u1ec1n \u0111\u0103ng k\u00fd, n\u1ebfu ng\u01b0\u1eddi n\u1ed9p \u0111\u01a1n th\u1ee5 h\u01b0\u1edfng quy\u1ec1n \u0111\u00f3 c\u1ee7a ng\u01b0\u1eddi kh\u00e1c;<\/p>\n<p>&#8211; T\u00e0i li\u1ec7u ch\u1ee9ng minh quy\u1ec1n \u01b0u ti\u00ean (n\u1ebfu \u0111\u01a1n c\u00f3 y\u00eau c\u1ea7u h\u01b0\u1edfng quy\u1ec1n \u01b0u ti\u00ean).<\/p>\n\n\t\t<\/div>\n\t<\/div>\n\t\n\t<div id=\"accordion-162080604\" class=\"accordion-item\">\n\t\t<a id=\"accordion-162080604-label\" class=\"accordion-title plain\" href=\"#accordion-item-th\u1edci-h\u1ea0n-x\u1eec-l\u00dd-\u0110\u01a0n\" aria-expanded=\"false\" aria-controls=\"accordion-162080604-content\" >\n\t\t\t<button class=\"toggle\" aria-label=\"Chuy\u1ec3n \u0111\u1ed5i\"><i class=\"icon-angle-down\"><\/i><\/button>\n\t\t\t<span>TH\u1edcI H\u1ea0N X\u1eec L\u00dd \u0110\u01a0N<\/span>\n\t\t<\/a>\n\t\t<div id=\"accordion-162080604-content\" class=\"accordion-inner\" aria-labelledby=\"accordion-162080604-label\" >\n\t\t\t\n\n<p>K\u1ec3 t\u1eeb ng\u00e0y \u0111\u01b0\u1ee3c C\u1ee5c S\u1edf h\u1eefu tr\u00ed tu\u1ec7 ti\u1ebfp nh\u1eadn, \u0111\u01a1n \u0111\u0103ng k\u00fd nh\u00e3n hi\u1ec7u \u0111\u01b0\u1ee3c xem x\u00e9t theo tr\u00ecnh t\u1ef1 sau:<\/p>\n<p>\u2013 Th\u1ea9m \u0111\u1ecbnh h\u00ecnh th\u1ee9c: 03 &#8211; 05 th\u00e1ng<\/p>\n<p>\u2013 C\u00f4ng b\u1ed1 \u0111\u01a1n: trong th\u1eddi h\u1ea1n 02 th\u00e1ng k\u1ec3 t\u1eeb ng\u00e0y \u0111\u01a1n \u0111\u0103ng k\u00fd nh\u00e3n hi\u1ec7u c\u00f3 Quy\u1ebft \u0111\u1ecbnh ch\u1ea5p nh\u1eadn \u0111\u01a1n h\u1ee3p l\u1ec7<\/p>\n<p>\u2013 Th\u1ea9m \u0111\u1ecbnh n\u1ed9i dung: kh\u00f4ng qu\u00e1 09 th\u00e1ng, k\u1ec3 t\u1eeb ng\u00e0y c\u00f4ng b\u1ed1 \u0111\u01a1n.<\/p>\n<p>Tuy nhi\u00ean, tr\u00ean th\u1ef1c t\u1ebf th\u1eddi gian n\u00e0y c\u00f3 th\u1ec3 k\u00e9o d\u00e0i t\u1eeb 16 &#8211; 20 th\u00e1ng k\u1ec3 t\u1eeb ng\u00e0y n\u1ed9p \u0111\u01a1n<\/p>\n\n\t\t<\/div>\n\t<\/div>\n\t\n\t<div id=\"accordion-128470155\" class=\"accordion-item\">\n\t\t<a id=\"accordion-128470155-label\" class=\"accordion-title plain\" href=\"#accordion-item-chi-ph\u00cd-\u0110\u0102ng-k\u00dd\" aria-expanded=\"false\" aria-controls=\"accordion-128470155-content\" >\n\t\t\t<button class=\"toggle\" aria-label=\"Chuy\u1ec3n \u0111\u1ed5i\"><i class=\"icon-angle-down\"><\/i><\/button>\n\t\t\t<span>CHI PH\u00cd \u0110\u0102NG K\u00dd<\/span>\n\t\t<\/a>\n\t\t<div id=\"accordion-128470155-content\" class=\"accordion-inner\" aria-labelledby=\"accordion-128470155-label\" >\n\t\t\t\n\n<p><strong>Ph\u00ed, l\u1ec7 ph\u00ed \u0111\u0103ng k\u00fd nh\u00e3n hi\u1ec7u<\/strong><\/p>\n<p>&#8211; L\u1ec7 ph\u00ed n\u1ed9p \u0111\u01a1n: 150.000VN\u0110<\/p>\n<p>&#8211; Ph\u00ed c\u00f4ng b\u1ed1 \u0111\u01a1n: 120.000VN\u0110<\/p>\n<p>&#8211; Ph\u00ed tra c\u1ee9u ph\u1ee5c v\u1ee5 T\u0110ND: 180.000VN\u0110\/01 nh\u00f3m s\u1ea3n ph\u1ea9m, d\u1ecbch v\u1ee5<\/p>\n<p>&#8211; Ph\u00ed tra c\u1ee9u cho s\u1ea3n ph\u1ea9m, d\u1ecbch v\u1ee5 th\u1ee9 7 tr\u1edf \u0111i: 30.000VN\u0110\/01 s\u1ea3n ph\u1ea9m, d\u1ecbch v\u1ee5<\/p>\n<p>&#8211; Ph\u00ed th\u1ea9m \u0111\u1ecbnh n\u1ed9i dung: 550.000VN\u0110\/01 nh\u00f3m s\u1ea3n ph\u1ea9m, d\u1ecbch v\u1ee5<\/p>\n<p>&#8211; Ph\u00ed th\u1ea9m \u0111\u1ecbnh n\u1ed9i dung cho s\u1ea3n ph\u1ea9m\/d\u1ecbch v\u1ee5 th\u1ee9 7 tr\u1edf \u0111i: 120.000VN\u0110\/01 s\u1ea3n ph\u1ea7m, d\u1ecbch v\u1ee5.<\/p>\n\n\t\t<\/div>\n\t<\/div>\n\t\n\t<div id=\"accordion-2517651706\" class=\"accordion-item\">\n\t\t<a id=\"accordion-2517651706-label\" class=\"accordion-title plain\" href=\"#accordion-item-tra-c\u1ee8u-th\u00d4ng-tin\" aria-expanded=\"false\" aria-controls=\"accordion-2517651706-content\" >\n\t\t\t<button class=\"toggle\" aria-label=\"Chuy\u1ec3n \u0111\u1ed5i\"><i class=\"icon-angle-down\"><\/i><\/button>\n\t\t\t<span>TRA C\u1ee8U TH\u00d4NG TIN<\/span>\n\t\t<\/a>\n\t\t<div id=\"accordion-2517651706-content\" class=\"accordion-inner\" aria-labelledby=\"accordion-2517651706-label\" >\n\t\t\t\n\n<p><strong>M\u1ed9t s\u1ed1 trang web tra c\u1ee9u th\u00f4ng tin s\u1edf h\u1eefu c\u00f4ng nghi\u1ec7p h\u1eefu \u00edch<\/strong><\/p>\n<p><a href=\"http:\/\/wipopublish.ipvietnam.gov.vn\/wopublish-search\/public\/trademarks?4&amp;query=*:*\">http:\/\/wipopublish.ipvietnam.gov.vn\/wopublish-search\/public\/trademarks?4&amp;query=*:*<\/a><\/p>\n<p>\u0110\u00e2y l\u00e0 trang web thu\u1ed9c th\u01b0 vi\u1ec7n s\u1ed1 v\u1ec1 s\u1edf h\u1eefu c\u00f4ng nghi\u1ec7p c\u1ee7a Vi\u1ec7t Nam; t\u1ea1i trang web n\u00e0y ng\u01b0\u1eddi d\u00f9ng tin c\u00f3 th\u1ec3 t\u00ecm ki\u1ebfm th\u00f4ng tin v\u1ec1 c\u00e1c \u0111\u01a1n \u0111\u0103ng k\u00fd nh\u00e3n hi\u1ec7u \u0111\u00e3 c\u00f4ng b\u1ed1\/\u0111\u01b0\u1ee3c c\u1ea5p v\u0103n b\u1eb1ng b\u1ea3o h\u1ed9 t\u1ea1i Vi\u1ec7t Nam.<\/p>\n<p><a href=\"https:\/\/branddb.wipo.int\/\">https:\/\/branddb.wipo.int\/\u00a0<\/a><\/p>\n<p>\u0110\u00e2y l\u00e0 trang web tra c\u1ee9u th\u00f4ng tin nh\u00e3n hi\u1ec7u c\u1ee7a WIPO, t\u1ea1i trang web n\u00e0y, ng\u01b0\u1eddi d\u00f9ng tin c\u00f3 th\u1ec3 tra c\u1ee9u th\u00f4ng tin c\u00e1c nh\u00e3n hi\u1ec7u c\u1ee7a c\u00e1c qu\u1ed1c gia th\u00e0nh vi\u00ean n\u1ed9p theo h\u1ec7 th\u1ed1ng Madrid, trong \u0111\u00f3 bao g\u1ed3m c\u00e1c nh\u00e3n hi\u1ec7u qu\u1ed1c t\u1ebf c\u00f3 ch\u1ec9 \u0111\u1ecbnh Vi\u1ec7t Nam.<\/p>\n\n\t\t<\/div>\n\t<\/div>\n\t\n\t<div id=\"accordion-3097708149\" class=\"accordion-item\">\n\t\t<a id=\"accordion-3097708149-label\" class=\"accordion-title plain\" href=\"#accordion-item-b\u1ea2ng-ph\u00c2n-lo\u1ea0i\" aria-expanded=\"false\" aria-controls=\"accordion-3097708149-content\" >\n\t\t\t<button class=\"toggle\" aria-label=\"Chuy\u1ec3n \u0111\u1ed5i\"><i class=\"icon-angle-down\"><\/i><\/button>\n\t\t\t<span>B\u1ea2NG PH\u00c2N LO\u1ea0I<\/span>\n\t\t<\/a>\n\t\t<div id=\"accordion-3097708149-content\" class=\"accordion-inner\" aria-labelledby=\"accordion-3097708149-label\" >\n\t\t\t\n\n<div class=\"row\"  id=\"row-645453078\">\n\n\n\t<div id=\"col-1873956875\" class=\"col medium-3 small-12 large-3\"  >\n\t\t\t\t<div class=\"col-inner\"  >\n\t\t\t\n\t\t\t\n\n<a href=\"https:\/\/dongnghialaw.com\/wp-content\/uploads\/2024\/12\/BANG-PHAN-LOAI-QUOC-TE-CAC-HANG-HOA-DICH-VU-THEO-THOA-UOC-NICE-Phien-ban-12-2025.docx\" class=\"button success\"  >\n\t\t<span>T\u1ea3i file<\/span>\n\t<\/a>\n\n\n\n\t\t<\/div>\n\t\t\t\t\t<\/div>\n\n\t\n\n\t<div id=\"col-516198568\" class=\"col medium-9 small-12 large-9\"  >\n\t\t\t\t<div class=\"col-inner\"  >\n\t\t\t\n\t\t\t\n\n<p><strong>B\u1ea3ng ph\u00e2n lo\u1ea1i qu\u1ed1c t\u1ebf c\u00e1c h\u00e0ng h\u00f3a, d\u1ecbch v\u1ee5 theo Th\u1ecfa \u01b0\u1edbc Nice phi\u00ean b\u1ea3n 12-2025 \u00e1p d\u1ee5ng k\u1ec3 t\u1eeb ng\u00e0y 01 th\u00e1ng 01 n\u0103m 2025<\/strong><\/p>\n\n\t\t<\/div>\n\t\t\t\t\t<\/div>\n\n\t\n\n<\/div>\n<div class=\"row\"  id=\"row-1192517508\">\n\n\n\t<div id=\"col-684118251\" class=\"col medium-3 small-12 large-3\"  >\n\t\t\t\t<div class=\"col-inner\"  >\n\t\t\t\n\t\t\t\n\n<a href=\"https:\/\/dongnghialaw.com\/wp-content\/uploads\/2024\/12\/FINAL-Vienna-8-Web.pdf\" class=\"button success\"  >\n\t\t<span>t\u1ea3i file<\/span>\n\t<\/a>\n\n\n\n\t\t<\/div>\n\t\t\t\t\t<\/div>\n\n\t\n\n\t<div id=\"col-1517825382\" class=\"col medium-8 small-12 large-8\"  >\n\t\t\t\t<div class=\"col-inner\"  >\n\t\t\t\n\t\t\t\n\n<p><strong>B\u1ea3ng ph\u00e2n lo\u1ea1i c\u00e1c y\u1ebfu t\u1ed1 h\u00ecnh d\u00f9ng trong \u0111\u0103ng k\u00fd nh\u00e3n hi\u1ec7u<\/strong><\/p>\n\n\t\t<\/div>\n\t\t\t\t\t<\/div>\n\n\t\n\n<\/div>\n\n\t\t<\/div>\n\t<\/div>\n\t\n\n<\/div>\n\n\t\t<\/div>\n\n\t\t\n<style>\n#section_2013269045 {\n  padding-top: 30px;\n  padding-bottom: 30px;\n}\n<\/style>\n\t<\/section>\n\t\n\n\t\t<\/div>\n\t\t\t\t\t<\/div>\n\n\t\n\n\t<div id=\"col-151647656\" class=\"col medium-3 small-12 large-3\"  >\n\t\t\t\t<div class=\"col-inner\"  >\n\t\t\t\n\t\t\t\n\n\n\n<div class=\"row row-for-service\">\n            <div class=\"col col-sub-menu col-sub-menu-ver\" style=\"flex: 0 0 100%; max-width: 100%;\">\n                <a href=\"http:\/\/store1.k-tech-services.com\/phapluat1\/dich-vu\/ban-quyen-tac-gia\/\" style=\"display: flex; align-items: center; text-decoration: none;\">\n                    <div class=\"icon-box-avs\" style=\"display: flex; align-items: center;\">\n                        <img decoding=\"async\" src=\"http:\/\/store1.k-tech-services.com\/phapluat1\/wp-content\/uploads\/2024\/12\/copyright-150x150.png\" width=\"41\" alt=\"Image description\" style=\"margin-right: 10px;\">\n                        <div class=\"ux-text\" style=\"color: rgb(0,0,0);\">\n                            <p class=\"m-0 p-0\"> B\u1ea3n quy\u1ec1n t\u00e1c gi\u1ea3<\/p>\n                        <\/div>\n                    <\/div>\n                <\/a>\n            <\/div>\n        \n            <div class=\"col col-sub-menu col-sub-menu-ver\" style=\"flex: 0 0 100%; max-width: 100%;\">\n                <a href=\"http:\/\/store1.k-tech-services.com\/phapluat1\/dich-vu\/kieu-dang-cong-nghiep\/\" style=\"display: flex; align-items: center; text-decoration: none;\">\n                    <div class=\"icon-box-avs\" style=\"display: flex; align-items: center;\">\n                        <img decoding=\"async\" src=\"http:\/\/store1.k-tech-services.com\/phapluat1\/wp-content\/uploads\/2024\/12\/design-150x150.png\" width=\"41\" alt=\"Image description\" style=\"margin-right: 10px;\">\n                        <div class=\"ux-text\" style=\"color: rgb(0,0,0);\">\n                            <p class=\"m-0 p-0\"> Ki\u1ec3u d\u00e1ng c\u00f4ng nghi\u1ec7p<\/p>\n                        <\/div>\n                    <\/div>\n                <\/a>\n            <\/div>\n        \n            <div class=\"col col-sub-menu col-sub-menu-ver\" style=\"flex: 0 0 100%; max-width: 100%;\">\n                <a href=\"http:\/\/store1.k-tech-services.com\/phapluat1\/dich-vu\/nhan-hieu\/\" style=\"display: flex; align-items: center; text-decoration: none;\">\n                    <div class=\"icon-box-avs\" style=\"display: flex; align-items: center;\">\n                        <img decoding=\"async\" src=\"http:\/\/store1.k-tech-services.com\/phapluat1\/wp-content\/uploads\/2024\/12\/trademark-150x150.png\" width=\"41\" alt=\"Image description\" style=\"margin-right: 10px;\">\n                        <div class=\"ux-text\" style=\"color: rgb(0,0,0);\">\n                            <p class=\"m-0 p-0\"> Nh\u00e3n hi\u1ec7u<\/p>\n                        <\/div>\n                    <\/div>\n                <\/a>\n            <\/div>\n        \n            <div class=\"col col-sub-menu col-sub-menu-ver\" style=\"flex: 0 0 100%; max-width: 100%;\">\n                <a href=\"http:\/\/store1.k-tech-services.com\/phapluat1\/dich-vu\/sang-che-giai-phap-huu-ich\/\" style=\"display: flex; align-items: center; text-decoration: none;\">\n                    <div class=\"icon-box-avs\" style=\"display: flex; align-items: center;\">\n                        <img decoding=\"async\" src=\"http:\/\/store1.k-tech-services.com\/phapluat1\/wp-content\/uploads\/2024\/12\/patent-150x150.png\" width=\"41\" alt=\"Image description\" style=\"margin-right: 10px;\">\n                        <div class=\"ux-text\" style=\"color: rgb(0,0,0);\">\n                            <p class=\"m-0 p-0\"> S\u00e1ng ch\u1ebf\/Gi\u1ea3i ph\u00e1p h\u1eefu \u00edch<\/p>\n                        <\/div>\n                    <\/div>\n                <\/a>\n            <\/div>\n        \n            <div class=\"col col-sub-menu col-sub-menu-ver\" style=\"flex: 0 0 100%; max-width: 100%;\">\n                <a href=\"http:\/\/store1.k-tech-services.com\/phapluat1\/dich-vu\/duy-tri-gia-han\/\" style=\"display: flex; align-items: center; text-decoration: none;\">\n                    <div class=\"icon-box-avs\" style=\"display: flex; align-items: center;\">\n                        <img decoding=\"async\" src=\"http:\/\/store1.k-tech-services.com\/phapluat1\/wp-content\/uploads\/2024\/12\/lawsuit-150x150.png\" width=\"41\" alt=\"Image description\" style=\"margin-right: 10px;\">\n                        <div class=\"ux-text\" style=\"color: rgb(0,0,0);\">\n                            <p class=\"m-0 p-0\"> Th\u1ee7 t\u1ee5c kh\u00e1c<\/p>\n                        <\/div>\n                    <\/div>\n                <\/a>\n            <\/div>\n        \n            <div class=\"col col-sub-menu col-sub-menu-ver\" style=\"flex: 0 0 100%; max-width: 100%;\">\n                <a href=\"http:\/\/store1.k-tech-services.com\/phapluat1\/dich-vu\/xu-ly-xam-pham\/\" style=\"display: flex; align-items: center; text-decoration: none;\">\n                    <div class=\"icon-box-avs\" style=\"display: flex; align-items: center;\">\n                        <img decoding=\"async\" src=\"http:\/\/store1.k-tech-services.com\/phapluat1\/wp-content\/uploads\/2024\/12\/infringement-150x150.png\" width=\"41\" alt=\"Image description\" style=\"margin-right: 10px;\">\n                        <div class=\"ux-text\" style=\"color: rgb(0,0,0);\">\n                            <p class=\"m-0 p-0\"> X\u1eed l\u00fd x\u00e2m ph\u1ea1m<\/p>\n                        <\/div>\n                    <\/div>\n                <\/a>\n            <\/div>\n        <\/div>\n\n\n\t\t<\/div>\n\t\t\t\t\t<\/div>\n\n\t\n\n<\/div>\n\n","protected":false},"excerpt":{"rendered":"","protected":false},"author":1,"featured_media":391,"parent":11,"menu_order":0,"comment_status":"closed","ping_status":"closed","template":"","meta":{"footnotes":""},"class_list":["post-84","page","type-page","status-publish","has-post-thumbnail","hentry"],"_links":{"self":[{"href":"http:\/\/store1.k-tech-services.com\/phapluat1\/wp-json\/wp\/v2\/pages\/84","targetHints":{"allow":["GET"]}}],"collection":[{"href":"http:\/\/store1.k-tech-services.com\/phapluat1\/wp-json\/wp\/v2\/pages"}],"about":[{"href":"http:\/\/store1.k-tech-services.com\/phapluat1\/wp-json\/wp\/v2\/types\/page"}],"author":[{"embeddable":true,"href":"http:\/\/store1.k-tech-services.com\/phapluat1\/wp-json\/wp\/v2\/users\/1"}],"replies":[{"embeddable":true,"href":"http:\/\/store1.k-tech-services.com\/phapluat1\/wp-json\/wp\/v2\/comments?post=84"}],"version-history":[{"count":16,"href":"http:\/\/store1.k-tech-services.com\/phapluat1\/wp-json\/wp\/v2\/pages\/84\/revisions"}],"predecessor-version":[{"id":491,"href":"http:\/\/store1.k-tech-services.com\/phapluat1\/wp-json\/wp\/v2\/pages\/84\/revisions\/491"}],"up":[{"embeddable":true,"href":"http:\/\/store1.k-tech-services.com\/phapluat1\/wp-json\/wp\/v2\/pages\/11"}],"wp:featuredmedia":[{"embeddable":true,"href":"http:\/\/store1.k-tech-services.com\/phapluat1\/wp-json\/wp\/v2\/media\/391"}],"wp:attachment":[{"href":"http:\/\/store1.k-tech-services.com\/phapluat1\/wp-json\/wp\/v2\/media?parent=84"}],"curies":[{"name":"wp","href":"https:\/\/api.w.org\/{rel}","templated":true}]}}