{"id":13,"date":"2024-12-09T09:27:18","date_gmt":"2024-12-09T09:27:18","guid":{"rendered":"http:\/\/localhost\/law-legal\/?page_id=13"},"modified":"2024-12-31T11:55:17","modified_gmt":"2024-12-31T04:55:17","slug":"van-ban-phap-luat","status":"publish","type":"page","link":"http:\/\/store1.k-tech-services.com\/phapluat1\/van-ban-phap-luat\/","title":{"rendered":"V\u0103n b\u1ea3n ph\u00e1p lu\u1eadt"},"content":{"rendered":"\n\n\t<section class=\"section section-banenr\" id=\"section_1748762022\">\n\t\t<div class=\"section-bg fill\" >\n\t\t\t\t\t\t\t\t\t\n\t\t\t\n\n\t\t<\/div>\n\n\t\t\n\n\t\t<div class=\"section-content relative\">\n\t\t\t\n\n\n  <div class=\"banner has-hover banner-main-custome\" id=\"banner-1824212115\">\n          <div class=\"banner-inner fill\">\n        <div class=\"banner-bg fill\" >\n            <img loading=\"lazy\" decoding=\"async\" width=\"1125\" height=\"750\" src=\"http:\/\/store1.k-tech-services.com\/phapluat1\/wp-content\/uploads\/2024\/12\/pexels-photo-325185.webp\" class=\"bg attachment-original size-original\" alt=\"\" \/>                        <div class=\"overlay\"><\/div>            \n                    <\/div>\n\t\t\n        <div class=\"banner-layers container\">\n            <div class=\"fill banner-link\"><\/div>            \n\n   <div id=\"text-box-254574324\" class=\"text-box banner-layer text-box-square image-overlay-banner hidden x0 md-x0 lg-x0 y50 md-y50 lg-y50 res-text\">\n                                <div class=\"text-box-content text dark\">\n              \n              <div class=\"text-inner text-center\">\n                  \n\n\n              <\/div>\n           <\/div>\n                            \n<style>\n#text-box-254574324 .text-box-content {\n  background-color: rgba(170, 188, 220, 0.529);\n  border-radius: 73px;\n  font-size: 100%;\n  transform: rotate(1deg);\n}\n#text-box-254574324 {\n  width: 83%;\n}\n<\/style>\n    <\/div>\n \n   <div id=\"text-box-1159241530\" class=\"text-box banner-layer hidden x50 md-x50 lg-x50 y50 md-y50 lg-y50 res-text\">\n                                <div class=\"text-box-content text dark\">\n              \n              <div class=\"text-inner text-center\">\n                  \n\n<p><H2>C\u00f4ng ty C\u1ed5 ph\u1ea7n ESG<\/H2><\/p>\n\n              <\/div>\n           <\/div>\n                            \n<style>\n#text-box-1159241530 {\n  width: 60%;\n}\n#text-box-1159241530 .text-box-content {\n  font-size: 100%;\n}\n<\/style>\n    <\/div>\n \n   <div id=\"text-box-1889452149\" class=\"text-box banner-layer x50 md-x50 lg-x50 y50 md-y50 lg-y50 res-text\">\n                                <div class=\"text-box-content text dark\">\n              \n              <div class=\"text-inner text-center\">\n                  \n\n<div class=\"row\"  id=\"row-1668081046\">\n\n\n\t<div id=\"col-1462458971\" class=\"col medium-9 small-12 large-9\"  >\n\t\t\t\t<div class=\"col-inner text-left\"  >\n\t\t\t\n\t\t\t\n\n\n\n<nav class=\"breadcrumbs\"><a href=\"http:\/\/store1.k-tech-services.com\/phapluat1\">Trang ch\u1ee7<\/a> \/ <\/nav>\n\n\t<div id=\"text-2034287182\" class=\"text m-0 p-0\">\n\t\t\n\n<h2 class=\"mb-0 p-0\"><strong>V\u0103n b\u1ea3n ph\u00e1p lu\u1eadt<\/strong><\/h2>\n<p class=\"mb-0 p-0\"><br \/>\u201c<em>M\u1ed7i \u00fd t\u01b0\u1edfng l\u00e0 m\u1ed9t t\u00e0i s\u1ea3n, v\u00e0 b\u1ea3o v\u1ec7 n\u00f3 l\u00e0 c\u00e1ch ch\u00fang ta t\u00f4n vinh tr\u00ed tu\u1ec7, khuy\u1ebfn kh\u00edch \u0111\u1ed5i m\u1edbi, v\u00e0 x\u00e2y d\u1ef1ng t\u01b0\u01a1ng lai<\/em>\u201c. Tri\u1ebft l\u00fd ho\u1ea1t \u0111\u1ed9ng c\u1ee7a ch\u00fang t\u00f4i b\u1eaft ngu\u1ed3n t\u1eeb mong mu\u1ed1n b\u1ea3o v\u1ec7 nh\u1eefng t\u00e0i s\u1ea3n tr\u00ed tu\u1ec7 t\u1eeb khi ch\u1ec9 l\u00e0 m\u1ed9t \u00fd t\u01b0\u1edfng \u0111\u1ebfn khi y t\u01b0\u1edfng \u0111\u00f3 tr\u1edf th\u00e0nh nh\u1eefng th\u00e0nh t\u1ef1u<\/p>\n\t\t\n<style>\n#text-2034287182 {\n  text-align: left;\n}\n<\/style>\n\t<\/div>\n\t\n\n\t\t<\/div>\n\t\t\t\t\t<\/div>\n\n\t\n\n\t<div id=\"col-1451063096\" class=\"col medium-3 small-12 large-3\"  >\n\t\t\t\t<div class=\"col-inner\"  >\n\t\t\t\n\t\t\t\n\n\n\t\t<\/div>\n\t\t\t\t\t<\/div>\n\n\t\n\n<\/div>\n\n              <\/div>\n           <\/div>\n                            \n<style>\n#text-box-1889452149 .text-inner {\n  padding: 0px 0px 150px 0px;\n}\n#text-box-1889452149 {\n  width: 100%;\n}\n#text-box-1889452149 .text-box-content {\n  font-size: 100%;\n}\n<\/style>\n    <\/div>\n \n\n        <\/div>\n      <\/div>\n\n            \n<style>\n#banner-1824212115 {\n  padding-top: 520px;\n}\n#banner-1824212115 .overlay {\n  background-color: rgba(0,0,0,.5);\n}\n#banner-1824212115 .banner-bg img {\n  object-position: 100% 50%;\n}\n<\/style>\n  <\/div>\n\n\n\n\t\t<\/div>\n\n\t\t\n<style>\n#section_1748762022 {\n  padding-top: 30px;\n  padding-bottom: 30px;\n}\n<\/style>\n\t<\/section>\n\t\n\t<div id=\"gap-544174230\" class=\"gap-element clearfix\" style=\"display:block; height:auto;\">\n\t\t\n<style>\n#gap-544174230 {\n  padding-top: 60px;\n}\n<\/style>\n\t<\/div>\n\t\n\n\n\t<section class=\"section\" id=\"section_1454816611\">\n\t\t<div class=\"section-bg fill\" >\n\t\t\t\t\t\t\t\t\t\n\t\t\t\n\n\t\t<\/div>\n\n\t\t\n\n\t\t<div class=\"section-content relative\">\n\t\t\t\n\n\t<div id=\"text-1490069042\" class=\"text m-0 p-0\">\n\t\t\n\n<h2 class=\"m-0 p-0\">V\u0102N B\u1ea2N PH\u00c1P LU\u1eacT<\/h2>\n\t\t\n<style>\n#text-1490069042 {\n  text-align: center;\n}\n<\/style>\n\t<\/div>\n\t\n<div class=\"text-center\"><div class=\"is-divider divider clearfix\" style=\"margin-top:8px;margin-bottom:8px;max-width:60px;\"><\/div><\/div>\n\n<div class=\"row align-middle align-center\"  id=\"row-1872763598\">\n\n\n\t<div id=\"col-703962102\" class=\"col small-12 large-12\"  >\n\t\t\t\t<div class=\"col-inner\"  >\n\t\t\t\n\t\t\t\n\n<div class=\"row align-middle align-center row-box-legal\"  id=\"row-1985202296\">\n\n\n\t<div id=\"col-569696211\" class=\"col pb-0 medium-11 small-10 large-11\"  >\n\t\t\t\t<div class=\"col-inner\"  >\n\t\t\t\n\t\t\t\n\n\n\t\t<div class=\"icon-box featured-box icon-box-legal p-1 mb-2 icon-box-left text-left\"  >\n\t\t\t\t\t<div class=\"icon-box-img\" style=\"width: 20px\">\n\t\t\t\t<div class=\"icon\">\n\t\t\t\t\t<div class=\"icon-inner\" >\n\t\t\t\t\t\t<img loading=\"lazy\" decoding=\"async\" width=\"300\" height=\"300\" src=\"http:\/\/store1.k-tech-services.com\/phapluat1\/wp-content\/uploads\/2024\/12\/download-300x300.png\" class=\"attachment-medium size-medium\" alt=\"\" srcset=\"http:\/\/store1.k-tech-services.com\/phapluat1\/wp-content\/uploads\/2024\/12\/download-300x300.png 300w, http:\/\/store1.k-tech-services.com\/phapluat1\/wp-content\/uploads\/2024\/12\/download-150x150.png 150w, http:\/\/store1.k-tech-services.com\/phapluat1\/wp-content\/uploads\/2024\/12\/download.png 512w\" sizes=\"auto, (max-width: 300px) 100vw, 300px\" \/>\t\t\t\t\t<\/div>\n\t\t\t\t<\/div>\n\t\t\t<\/div>\n\t\t\t\t<div class=\"icon-box-text last-reset\">\n\t\t\t\t\t\t\t\t\t\n\n\t<div id=\"text-1486849501\" class=\"text text-legal\">\n\t\t\n\n<p class=\"mb-0\"><strong>Lu\u1eadt S\u1edf h\u1eefu tr\u00ed tu\u1ec7 (B\u1ea3n H\u1ee3p nh\u1ea5t)<\/strong><\/p>\n\t\t\n<style>\n#text-1486849501 {\n  text-align: left;\n}\n<\/style>\n\t<\/div>\n\t\n\n\t\t<\/div>\n\t<\/div>\n\t\n\t\n\n\t\t<\/div>\n\t\t\t\t\t<\/div>\n\n\t\n\n\t<div id=\"col-1307012479\" class=\"col pb-0 medium-1 small-2 large-1\"  >\n\t\t\t\t<div class=\"col-inner\"  >\n\t\t\t\n\t\t\t\n\n\t<div id=\"text-1301922902\" class=\"text\">\n\t\t\n\n<p>\n  <a href=\"https:\/\/dongnghialaw.com\/wp-content\/uploads\/2024\/12\/Luat-So-huu-tri-tue-hop-nhat.pdf\" target=\"_blank\" style=\"color: red;\"><br \/>\n    T\u1ea3i File<br \/>\n  <\/a>\n<\/p>\n\n\t\t\n<style>\n#text-1301922902 {\n  color: #f0462a;\n}\n#text-1301922902 > * {\n  color: #f0462a;\n}\n<\/style>\n\t<\/div>\n\t\n\n\t\t<\/div>\n\t\t\t\t\t<\/div>\n\n\t\n\n<\/div>\n<div class=\"row align-middle align-center row-box-legal\"  id=\"row-123998724\">\n\n\n\t<div id=\"col-1216673153\" class=\"col pb-0 medium-11 small-10 large-11\"  >\n\t\t\t\t<div class=\"col-inner\"  >\n\t\t\t\n\t\t\t\n\n\n\t\t<div class=\"icon-box featured-box icon-box-legal p-1 mb-2 icon-box-left text-left\"  >\n\t\t\t\t\t<div class=\"icon-box-img\" style=\"width: 20px\">\n\t\t\t\t<div class=\"icon\">\n\t\t\t\t\t<div class=\"icon-inner\" >\n\t\t\t\t\t\t<img loading=\"lazy\" decoding=\"async\" width=\"300\" height=\"300\" src=\"http:\/\/store1.k-tech-services.com\/phapluat1\/wp-content\/uploads\/2024\/12\/download-300x300.png\" class=\"attachment-medium size-medium\" alt=\"\" srcset=\"http:\/\/store1.k-tech-services.com\/phapluat1\/wp-content\/uploads\/2024\/12\/download-300x300.png 300w, http:\/\/store1.k-tech-services.com\/phapluat1\/wp-content\/uploads\/2024\/12\/download-150x150.png 150w, http:\/\/store1.k-tech-services.com\/phapluat1\/wp-content\/uploads\/2024\/12\/download.png 512w\" sizes=\"auto, (max-width: 300px) 100vw, 300px\" \/>\t\t\t\t\t<\/div>\n\t\t\t\t<\/div>\n\t\t\t<\/div>\n\t\t\t\t<div class=\"icon-box-text last-reset\">\n\t\t\t\t\t\t\t\t\t\n\n\t<div id=\"text-2928248408\" class=\"text text-legal\">\n\t\t\n\n<p class=\"title\"><strong><span id=\"ctrl_190596_91_lb_noidung\">Ngh\u1ecb \u0111\u1ecbnh s\u1ed1 65\/2023\/N\u0110-CP c\u1ee7a Ch\u00ednh ph\u1ee7: Quy \u0111\u1ecbnh chi ti\u1ebft m\u1ed9t s\u1ed1 \u0111i\u1ec1u v\u00e0 bi\u1ec7n ph\u00e1p thi h\u00e0nh Lu\u1eadt S\u1edf h\u1eefu tr\u00ed tu\u1ec7 v\u1ec1 s\u1edf h\u1eefu c\u00f4ng nghi\u1ec7p, b\u1ea3o v\u1ec7 quy\u1ec1n s\u1edf h\u1eefu c\u00f4ng nghi\u1ec7p, quy\u1ec1n \u0111\u1ed1i v\u1edbi gi\u1ed1ng c\u00e2y tr\u1ed3ng v\u00e0 qu\u1ea3n l\u00fd nh\u00e0 n\u01b0\u1edbc v\u1ec1 s\u1edf h\u1eefu tr\u00ed tu\u1ec7<\/span><\/strong><\/p>\n\t\t\n<style>\n#text-2928248408 {\n  text-align: left;\n}\n<\/style>\n\t<\/div>\n\t\n\n\t\t<\/div>\n\t<\/div>\n\t\n\t\n\n\t\t<\/div>\n\t\t\t\t\t<\/div>\n\n\t\n\n\t<div id=\"col-161904986\" class=\"col pb-0 medium-1 small-2 large-1\"  >\n\t\t\t\t<div class=\"col-inner\"  >\n\t\t\t\n\t\t\t\n\n\t<div id=\"text-2901612646\" class=\"text\">\n\t\t\n\n<p>\n  <a href=\"https:\/\/dongnghialaw.com\/wp-content\/uploads\/2024\/12\/Nghi-dinh-65.pdf\" target=\"_blank\" style=\"color: red;\"><br \/>\n    T\u1ea3i File<br \/>\n  <\/a>\n<\/p>\n\n\t\t\n<style>\n#text-2901612646 {\n  color: #f0462a;\n}\n#text-2901612646 > * {\n  color: #f0462a;\n}\n<\/style>\n\t<\/div>\n\t\n\n\t\t<\/div>\n\t\t\t\t\t<\/div>\n\n\t\n\n<\/div>\n<div class=\"row align-middle align-center row-box-legal\"  id=\"row-766672908\">\n\n\n\t<div id=\"col-720284642\" class=\"col pb-0 medium-11 small-10 large-11\"  >\n\t\t\t\t<div class=\"col-inner\"  >\n\t\t\t\n\t\t\t\n\n\n\t\t<div class=\"icon-box featured-box icon-box-legal p-1 mb-2 icon-box-left text-left\"  >\n\t\t\t\t\t<div class=\"icon-box-img\" style=\"width: 20px\">\n\t\t\t\t<div class=\"icon\">\n\t\t\t\t\t<div class=\"icon-inner\" >\n\t\t\t\t\t\t<img loading=\"lazy\" decoding=\"async\" width=\"300\" height=\"300\" src=\"http:\/\/store1.k-tech-services.com\/phapluat1\/wp-content\/uploads\/2024\/12\/download-300x300.png\" class=\"attachment-medium size-medium\" alt=\"\" srcset=\"http:\/\/store1.k-tech-services.com\/phapluat1\/wp-content\/uploads\/2024\/12\/download-300x300.png 300w, http:\/\/store1.k-tech-services.com\/phapluat1\/wp-content\/uploads\/2024\/12\/download-150x150.png 150w, http:\/\/store1.k-tech-services.com\/phapluat1\/wp-content\/uploads\/2024\/12\/download.png 512w\" sizes=\"auto, (max-width: 300px) 100vw, 300px\" \/>\t\t\t\t\t<\/div>\n\t\t\t\t<\/div>\n\t\t\t<\/div>\n\t\t\t\t<div class=\"icon-box-text last-reset\">\n\t\t\t\t\t\t\t\t\t\n\n\t<div id=\"text-3224293256\" class=\"text text-legal\">\n\t\t\n\n<p style=\"text-align: left;\" align=\"center\"><strong>Th\u00f4ng t\u01b0 s\u1ed1 23\/2023\/TT-BKHCN Quy \u0111\u1ecbnh chi ti\u1ebft m\u1ed9t s\u1ed1 \u0111i\u1ec1u c\u1ee7a Lu\u1eadt S\u1edf h\u1eefu tr\u00ed tu\u1ec7 v\u00e0 bi\u1ec7n ph\u00e1p thi h\u00e0nh Ngh\u1ecb \u0111\u1ecbnh s\u1ed1 65\/2023\/N\u0110-CP\u00a0ng\u00e0y 23 th\u00e1ng 8 n\u0103m 2023 c\u1ee7a Ch\u00ednh ph\u1ee7 quy \u0111\u1ecbnh chi ti\u1ebft m\u1ed9t s\u1ed1 \u0111i\u1ec1u v\u00e0 bi\u1ec7n ph\u00e1p thi h\u00e0nh Lu\u1eadt S\u1edf h\u1eefu tr\u00ed tu\u1ec7 v\u1ec1 s\u1edf h\u1eefu c\u00f4ng nghi\u1ec7p<\/strong><\/p>\n\t\t\n<style>\n#text-3224293256 {\n  text-align: left;\n}\n<\/style>\n\t<\/div>\n\t\n\n\t\t<\/div>\n\t<\/div>\n\t\n\t\n\n\t\t<\/div>\n\t\t\t\t\t<\/div>\n\n\t\n\n\t<div id=\"col-1037432225\" class=\"col pb-0 medium-1 small-2 large-1\"  >\n\t\t\t\t<div class=\"col-inner\"  >\n\t\t\t\n\t\t\t\n\n\t<div id=\"text-3776754696\" class=\"text\">\n\t\t\n\n<p>\n  <a href=\"https:\/\/dongnghialaw.com\/wp-content\/uploads\/2024\/12\/Thong-tu-23.pdf\" target=\"_blank\" style=\"color: red;\"><br \/>\n    T\u1ea3i File<br \/>\n  <\/a>\n<\/p>\n\n\t\t\n<style>\n#text-3776754696 {\n  color: #f0462a;\n}\n#text-3776754696 > * {\n  color: #f0462a;\n}\n<\/style>\n\t<\/div>\n\t\n\n\t\t<\/div>\n\t\t\t\t\t<\/div>\n\n\t\n\n<\/div>\n<div class=\"row align-middle align-center row-box-legal\"  id=\"row-476721979\">\n\n\n\t<div id=\"col-1170372022\" class=\"col pb-0 medium-11 small-10 large-11\"  >\n\t\t\t\t<div class=\"col-inner\"  >\n\t\t\t\n\t\t\t\n\n\n\t\t<div class=\"icon-box featured-box icon-box-legal p-1 mb-2 icon-box-left text-left\"  >\n\t\t\t\t\t<div class=\"icon-box-img\" style=\"width: 20px\">\n\t\t\t\t<div class=\"icon\">\n\t\t\t\t\t<div class=\"icon-inner\" >\n\t\t\t\t\t\t<img loading=\"lazy\" decoding=\"async\" width=\"300\" height=\"300\" src=\"http:\/\/store1.k-tech-services.com\/phapluat1\/wp-content\/uploads\/2024\/12\/download-300x300.png\" class=\"attachment-medium size-medium\" alt=\"\" srcset=\"http:\/\/store1.k-tech-services.com\/phapluat1\/wp-content\/uploads\/2024\/12\/download-300x300.png 300w, http:\/\/store1.k-tech-services.com\/phapluat1\/wp-content\/uploads\/2024\/12\/download-150x150.png 150w, http:\/\/store1.k-tech-services.com\/phapluat1\/wp-content\/uploads\/2024\/12\/download.png 512w\" sizes=\"auto, (max-width: 300px) 100vw, 300px\" \/>\t\t\t\t\t<\/div>\n\t\t\t\t<\/div>\n\t\t\t<\/div>\n\t\t\t\t<div class=\"icon-box-text last-reset\">\n\t\t\t\t\t\t\t\t\t\n\n\t<div id=\"text-2357084794\" class=\"text text-legal\">\n\t\t\n\n<p class=\"title\"><strong><span id=\"ctrl_190596_91_lb_noidung\">Th\u00f4ng t\u01b0 s\u1ed1 263\/2016\/TT-BTC c\u1ee7a B\u1ed9 T\u00e0i ch\u00ednh: Quy \u0111\u1ecbnh m\u1ee9c thu, ch\u1ebf \u0111\u1ed9 thu, n\u1ed9p, qu\u1ea3n l\u00fd v\u00e0 s\u1eed d\u1ee5ng ph\u00ed, l\u1ec7 ph\u00ed s\u1edf h\u1eefu c\u00f4ng nghi\u1ec7p<\/span><\/strong><\/p>\n\t\t\n<style>\n#text-2357084794 {\n  text-align: left;\n}\n<\/style>\n\t<\/div>\n\t\n\n\t\t<\/div>\n\t<\/div>\n\t\n\t\n\n\t\t<\/div>\n\t\t\t\t\t<\/div>\n\n\t\n\n\t<div id=\"col-970527619\" class=\"col pb-0 medium-1 small-2 large-1\"  >\n\t\t\t\t<div class=\"col-inner\"  >\n\t\t\t\n\t\t\t\n\n\t<div id=\"text-1534301512\" class=\"text\">\n\t\t\n\n<p>\n  <a href=\"https:\/\/dongnghialaw.com\/wp-content\/uploads\/2024\/12\/Thong-tu-263.pdf\" target=\"_blank\" style=\"color: red;\"><br \/>\n    T\u1ea3i File<br \/>\n  <\/a>\n<\/p>\n\n\t\t\n<style>\n#text-1534301512 {\n  color: #f0462a;\n}\n#text-1534301512 > * {\n  color: #f0462a;\n}\n<\/style>\n\t<\/div>\n\t\n\n\t\t<\/div>\n\t\t\t\t\t<\/div>\n\n\t\n\n<\/div>\n<div class=\"row align-middle align-center row-box-legal\"  id=\"row-1269444414\">\n\n\n\t<div id=\"col-1585311877\" class=\"col pb-0 medium-11 small-10 large-11\"  >\n\t\t\t\t<div class=\"col-inner\"  >\n\t\t\t\n\t\t\t\n\n\n\t\t<div class=\"icon-box featured-box icon-box-legal p-1 mb-2 icon-box-left text-left\"  >\n\t\t\t\t\t<div class=\"icon-box-img\" style=\"width: 20px\">\n\t\t\t\t<div class=\"icon\">\n\t\t\t\t\t<div class=\"icon-inner\" >\n\t\t\t\t\t\t<img loading=\"lazy\" decoding=\"async\" width=\"300\" height=\"300\" src=\"http:\/\/store1.k-tech-services.com\/phapluat1\/wp-content\/uploads\/2024\/12\/download-300x300.png\" class=\"attachment-medium size-medium\" alt=\"\" srcset=\"http:\/\/store1.k-tech-services.com\/phapluat1\/wp-content\/uploads\/2024\/12\/download-300x300.png 300w, http:\/\/store1.k-tech-services.com\/phapluat1\/wp-content\/uploads\/2024\/12\/download-150x150.png 150w, http:\/\/store1.k-tech-services.com\/phapluat1\/wp-content\/uploads\/2024\/12\/download.png 512w\" sizes=\"auto, (max-width: 300px) 100vw, 300px\" \/>\t\t\t\t\t<\/div>\n\t\t\t\t<\/div>\n\t\t\t<\/div>\n\t\t\t\t<div class=\"icon-box-text last-reset\">\n\t\t\t\t\t\t\t\t\t\n\n\t<div id=\"text-888949322\" class=\"text text-legal\">\n\t\t\n\n<p class=\"mb-0\"><strong>Ngh\u1ecb \u0111\u1ecbnh s\u1ed1 s\u1ed1\u00a099\/2013\/N\u0110-CP\u00a0ng\u00e0y 29 th\u00e1ng 8 n\u0103m 2013 c\u1ee7a Ch\u00ednh ph\u1ee7 quy \u0111\u1ecbnh x\u1eed ph\u1ea1t vi ph\u1ea1m h\u00e0nh ch\u00ednh trong l\u0129nh v\u1ef1c s\u1edf h\u1eefu c\u00f4ng nghi\u1ec7p<\/strong><\/p>\n\t\t\n<style>\n#text-888949322 {\n  text-align: left;\n}\n<\/style>\n\t<\/div>\n\t\n\n\t\t<\/div>\n\t<\/div>\n\t\n\t\n\n\t\t<\/div>\n\t\t\t\t\t<\/div>\n\n\t\n\n\t<div id=\"col-839031480\" class=\"col pb-0 medium-1 small-2 large-1\"  >\n\t\t\t\t<div class=\"col-inner\"  >\n\t\t\t\n\t\t\t\n\n\t<div id=\"text-2743824242\" class=\"text\">\n\t\t\n\n<p>\n  <a href=\"https:\/\/dongnghialaw.com\/wp-content\/uploads\/2024\/12\/Nghi-dinh-99-Nghi-dinh-136-hop-nhat.pdf\" target=\"_blank\" style=\"color: red;\"><br \/>\n    T\u1ea3i File<br \/>\n  <\/a>\n<\/p>\n\n\t\t\n<style>\n#text-2743824242 {\n  color: #f0462a;\n}\n#text-2743824242 > * {\n  color: #f0462a;\n}\n<\/style>\n\t<\/div>\n\t\n\n\t\t<\/div>\n\t\t\t\t\t<\/div>\n\n\t\n\n<\/div>\n<div class=\"row align-middle align-center row-box-legal\"  id=\"row-1226286884\">\n\n\n\t<div id=\"col-1457994520\" class=\"col pb-0 medium-11 small-10 large-11\"  >\n\t\t\t\t<div class=\"col-inner\"  >\n\t\t\t\n\t\t\t\n\n\n\t\t<div class=\"icon-box featured-box icon-box-legal p-1 mb-2 icon-box-left text-left\"  >\n\t\t\t\t\t<div class=\"icon-box-img\" style=\"width: 20px\">\n\t\t\t\t<div class=\"icon\">\n\t\t\t\t\t<div class=\"icon-inner\" >\n\t\t\t\t\t\t<img loading=\"lazy\" decoding=\"async\" width=\"300\" height=\"300\" src=\"http:\/\/store1.k-tech-services.com\/phapluat1\/wp-content\/uploads\/2024\/12\/download-300x300.png\" class=\"attachment-medium size-medium\" alt=\"\" srcset=\"http:\/\/store1.k-tech-services.com\/phapluat1\/wp-content\/uploads\/2024\/12\/download-300x300.png 300w, http:\/\/store1.k-tech-services.com\/phapluat1\/wp-content\/uploads\/2024\/12\/download-150x150.png 150w, http:\/\/store1.k-tech-services.com\/phapluat1\/wp-content\/uploads\/2024\/12\/download.png 512w\" sizes=\"auto, (max-width: 300px) 100vw, 300px\" \/>\t\t\t\t\t<\/div>\n\t\t\t\t<\/div>\n\t\t\t<\/div>\n\t\t\t\t<div class=\"icon-box-text last-reset\">\n\t\t\t\t\t\t\t\t\t\n\n\t<div id=\"text-2001027145\" class=\"text text-legal\">\n\t\t\n\n<p class=\"mb-0\"><strong>C\u00e1c m\u1eabu t\u1edd khai<\/strong><\/p>\n\t\t\n<style>\n#text-2001027145 {\n  text-align: left;\n}\n<\/style>\n\t<\/div>\n\t\n\n\t\t<\/div>\n\t<\/div>\n\t\n\t\n\n\t\t<\/div>\n\t\t\t\t\t<\/div>\n\n\t\n\n\t<div id=\"col-646844471\" class=\"col pb-0 medium-1 small-2 large-1\"  >\n\t\t\t\t<div class=\"col-inner\"  >\n\t\t\t\n\t\t\t\n\n\t<div id=\"text-933060847\" class=\"text\">\n\t\t\n\n<p>\n  <a href=\"https:\/\/ipvietnam.gov.vn\/web\/guest\/bo-to-khai-trong-linh-vuc-so-huu-cong-nghiep\" target=\"_blank\" style=\"color: red;\"><br \/>\n    T\u1ea3i File<br \/>\n  <\/a>\n<\/p>\n\n\t\t\n<style>\n#text-933060847 {\n  color: #f0462a;\n}\n#text-933060847 > * {\n  color: #f0462a;\n}\n<\/style>\n\t<\/div>\n\t\n\n\t\t<\/div>\n\t\t\t\t\t<\/div>\n\n\t\n\n<\/div>\n\n\t\t<\/div>\n\t\t\t\t\t<\/div>\n\n\t\n\n<\/div>\n\n\t\t<\/div>\n\n\t\t\n<style>\n#section_1454816611 {\n  padding-top: 30px;\n  padding-bottom: 30px;\n}\n<\/style>\n\t<\/section>\n\t\n\n","protected":false},"excerpt":{"rendered":"","protected":false},"author":1,"featured_media":0,"parent":0,"menu_order":0,"comment_status":"closed","ping_status":"closed","template":"page-blank.php","meta":{"footnotes":""},"class_list":["post-13","page","type-page","status-publish","hentry"],"_links":{"self":[{"href":"http:\/\/store1.k-tech-services.com\/phapluat1\/wp-json\/wp\/v2\/pages\/13","targetHints":{"allow":["GET"]}}],"collection":[{"href":"http:\/\/store1.k-tech-services.com\/phapluat1\/wp-json\/wp\/v2\/pages"}],"about":[{"href":"http:\/\/store1.k-tech-services.com\/phapluat1\/wp-json\/wp\/v2\/types\/page"}],"author":[{"embeddable":true,"href":"http:\/\/store1.k-tech-services.com\/phapluat1\/wp-json\/wp\/v2\/users\/1"}],"replies":[{"embeddable":true,"href":"http:\/\/store1.k-tech-services.com\/phapluat1\/wp-json\/wp\/v2\/comments?post=13"}],"version-history":[{"count":53,"href":"http:\/\/store1.k-tech-services.com\/phapluat1\/wp-json\/wp\/v2\/pages\/13\/revisions"}],"predecessor-version":[{"id":488,"href":"http:\/\/store1.k-tech-services.com\/phapluat1\/wp-json\/wp\/v2\/pages\/13\/revisions\/488"}],"wp:attachment":[{"href":"http:\/\/store1.k-tech-services.com\/phapluat1\/wp-json\/wp\/v2\/media?parent=13"}],"curies":[{"name":"wp","href":"https:\/\/api.w.org\/{rel}","templated":true}]}}