{"id":11,"date":"2024-12-09T09:26:55","date_gmt":"2024-12-09T09:26:55","guid":{"rendered":"http:\/\/localhost\/law-legal\/?page_id=11"},"modified":"2024-12-30T09:27:50","modified_gmt":"2024-12-30T09:27:50","slug":"dich-vu","status":"publish","type":"page","link":"http:\/\/store1.k-tech-services.com\/phapluat1\/dich-vu\/","title":{"rendered":"D\u1ecbch V\u1ee5"},"content":{"rendered":"\n\n\t<section class=\"section section-banenr\" id=\"section_1619009317\">\n\t\t<div class=\"section-bg fill\" >\n\t\t\t\t\t\t\t\t\t\n\t\t\t\n\n\t\t<\/div>\n\n\t\t\n\n\t\t<div class=\"section-content relative\">\n\t\t\t\n\n\n  <div class=\"banner has-hover banner-main-custome\" id=\"banner-139278062\">\n          <div class=\"banner-inner fill\">\n        <div class=\"banner-bg fill\" >\n            <img loading=\"lazy\" decoding=\"async\" width=\"1125\" height=\"750\" src=\"http:\/\/store1.k-tech-services.com\/phapluat1\/wp-content\/uploads\/2024\/12\/pexels-photo-325185.webp\" class=\"bg attachment-original size-original\" alt=\"\" \/>                        <div class=\"overlay\"><\/div>            \n                    <\/div>\n\t\t\n        <div class=\"banner-layers container\">\n            <div class=\"fill banner-link\"><\/div>            \n\n   <div id=\"text-box-1415370281\" class=\"text-box banner-layer text-box-square image-overlay-banner hidden x0 md-x0 lg-x0 y50 md-y50 lg-y50 res-text\">\n                                <div class=\"text-box-content text dark\">\n              \n              <div class=\"text-inner text-center\">\n                  \n\n\n              <\/div>\n           <\/div>\n                            \n<style>\n#text-box-1415370281 .text-box-content {\n  background-color: rgba(170, 188, 220, 0.529);\n  border-radius: 73px;\n  font-size: 100%;\n  transform: rotate(1deg);\n}\n#text-box-1415370281 {\n  width: 83%;\n}\n<\/style>\n    <\/div>\n \n   <div id=\"text-box-1592867877\" class=\"text-box banner-layer hidden x50 md-x50 lg-x50 y50 md-y50 lg-y50 res-text\">\n                                <div class=\"text-box-content text dark\">\n              \n              <div class=\"text-inner text-center\">\n                  \n\n<p><H2>C\u00f4ng ty C\u1ed5 ph\u1ea7n ESG<\/H2><\/p>\n\n              <\/div>\n           <\/div>\n                            \n<style>\n#text-box-1592867877 {\n  width: 60%;\n}\n#text-box-1592867877 .text-box-content {\n  font-size: 100%;\n}\n<\/style>\n    <\/div>\n \n   <div id=\"text-box-1448544125\" class=\"text-box banner-layer x50 md-x50 lg-x50 y50 md-y50 lg-y50 res-text\">\n                                <div class=\"text-box-content text dark\">\n              \n              <div class=\"text-inner text-center\">\n                  \n\n<div class=\"row\"  id=\"row-1325116391\">\n\n\n\t<div id=\"col-1316985155\" class=\"col medium-9 small-12 large-9\"  >\n\t\t\t\t<div class=\"col-inner text-left\"  >\n\t\t\t\n\t\t\t\n\n\n\n<nav class=\"breadcrumbs\"><a href=\"http:\/\/store1.k-tech-services.com\/phapluat1\">Trang ch\u1ee7<\/a> \/ <\/nav>\n\n\t<div id=\"text-3374877258\" class=\"text m-0 p-0\">\n\t\t\n\n<h2 class=\"mb-0 p-0\"><b>D\u1ecbch v\u1ee5<\/b><\/h2>\n<p class=\"mb-0 p-0\"><br \/>\u201c<em>M\u1ed7i \u00fd t\u01b0\u1edfng l\u00e0 m\u1ed9t t\u00e0i s\u1ea3n, v\u00e0 b\u1ea3o v\u1ec7 n\u00f3 l\u00e0 c\u00e1ch ch\u00fang ta t\u00f4n vinh tr\u00ed tu\u1ec7, khuy\u1ebfn kh\u00edch \u0111\u1ed5i m\u1edbi, v\u00e0 x\u00e2y d\u1ef1ng t\u01b0\u01a1ng lai<\/em>\u201c. Tri\u1ebft l\u00fd ho\u1ea1t \u0111\u1ed9ng c\u1ee7a ch\u00fang t\u00f4i b\u1eaft ngu\u1ed3n t\u1eeb mong mu\u1ed1n b\u1ea3o v\u1ec7 nh\u1eefng t\u00e0i s\u1ea3n tr\u00ed tu\u1ec7 t\u1eeb khi ch\u1ec9 l\u00e0 m\u1ed9t \u00fd t\u01b0\u1edfng \u0111\u1ebfn khi y t\u01b0\u1edfng \u0111\u00f3 tr\u1edf th\u00e0nh nh\u1eefng th\u00e0nh t\u1ef1u<\/p>\n\t\t\n<style>\n#text-3374877258 {\n  text-align: left;\n}\n<\/style>\n\t<\/div>\n\t\n\n\t\t<\/div>\n\t\t\t\t\t<\/div>\n\n\t\n\n\t<div id=\"col-2045358387\" class=\"col medium-3 small-12 large-3\"  >\n\t\t\t\t<div class=\"col-inner\"  >\n\t\t\t\n\t\t\t\n\n\n\t\t<\/div>\n\t\t\t\t\t<\/div>\n\n\t\n\n<\/div>\n\n              <\/div>\n           <\/div>\n                            \n<style>\n#text-box-1448544125 .text-inner {\n  padding: 0px 0px 150px 0px;\n}\n#text-box-1448544125 {\n  width: 100%;\n}\n#text-box-1448544125 .text-box-content {\n  font-size: 100%;\n}\n<\/style>\n    <\/div>\n \n\n        <\/div>\n      <\/div>\n\n            \n<style>\n#banner-139278062 {\n  padding-top: 520px;\n}\n#banner-139278062 .overlay {\n  background-color: rgba(0,0,0,.5);\n}\n#banner-139278062 .banner-bg img {\n  object-position: 100% 50%;\n}\n<\/style>\n  <\/div>\n\n\n\t<div id=\"gap-486517438\" class=\"gap-element clearfix\" style=\"display:block; height:auto;\">\n\t\t\n<style>\n#gap-486517438 {\n  padding-top: 60px;\n}\n<\/style>\n\t<\/div>\n\t\n\n\n\t\t<\/div>\n\n\t\t\n<style>\n#section_1619009317 {\n  padding-top: 30px;\n  padding-bottom: 30px;\n}\n<\/style>\n\t<\/section>\n\t\n\n\t<section class=\"section s-ourservice\" id=\"section_1048107612\">\n\t\t<div class=\"section-bg fill\" >\n\t\t\t\t\t\t\t\t\t\n\t\t\t\n\n\t\t<\/div>\n\n\t\t\n\n\t\t<div class=\"section-content relative\">\n\t\t\t\n\n\t<div id=\"text-2303697340\" class=\"text\">\n\t\t\n\n<h2>D\u1ecaCH V\u1ee4 C\u1ee6A CH\u00daNG T\u00d4I<\/h2>\n\t\t\n<style>\n#text-2303697340 {\n  text-align: center;\n  color: rgb(255,255,255);\n}\n#text-2303697340 > * {\n  color: rgb(255,255,255);\n}\n<\/style>\n\t<\/div>\n\t\n\t<div id=\"gap-252317364\" class=\"gap-element clearfix\" style=\"display:block; height:auto;\">\n\t\t\n<style>\n#gap-252317364 {\n  padding-top: 30px;\n}\n<\/style>\n\t<\/div>\n\t\n\n\n\n<div class=\"row row-for-service\">\n        <div class=\"col col-service-foreach medium-2 small-12\" hover=\"fade\" style=\"flex: 0 0 33.3333%; max-width: 33.3333%;\" >\n        <div class=\"col-inner\" style=\"background-color: rgb(255,255,255);\" >\n         <a href=\"http:\/\/store1.k-tech-services.com\/phapluat1\/dich-vu\/ban-quyen-tac-gia\/\">\n            <div class=\"featured-box\" style=\"text-align: center;\">\n                <img decoding=\"async\" src=\"http:\/\/store1.k-tech-services.com\/phapluat1\/wp-content\/uploads\/2024\/12\/copyright-150x150.png\" width=\"96\" alt=\"B\u1ea3n quy\u1ec1n t\u00e1c gi\u1ea3\" style=\"margin-bottom:12px; max-height: 88px;\" \/>\n                <h3 class=\"mb-0\">B\u1ea3n quy\u1ec1n t\u00e1c gi\u1ea3<\/h3>\n            <\/div>\n            <\/a>\n        <\/div>\n        <\/div>\n    \n        <div class=\"col col-service-foreach medium-2 small-12\" hover=\"fade\" style=\"flex: 0 0 33.3333%; max-width: 33.3333%;\" >\n        <div class=\"col-inner\" style=\"background-color: rgb(255,255,255);\" >\n         <a href=\"http:\/\/store1.k-tech-services.com\/phapluat1\/dich-vu\/kieu-dang-cong-nghiep\/\">\n            <div class=\"featured-box\" style=\"text-align: center;\">\n                <img decoding=\"async\" src=\"http:\/\/store1.k-tech-services.com\/phapluat1\/wp-content\/uploads\/2024\/12\/design-150x150.png\" width=\"96\" alt=\"Ki\u1ec3u d\u00e1ng c\u00f4ng nghi\u1ec7p\" style=\"margin-bottom:12px; max-height: 88px;\" \/>\n                <h3 class=\"mb-0\">Ki\u1ec3u d\u00e1ng c\u00f4ng nghi\u1ec7p<\/h3>\n            <\/div>\n            <\/a>\n        <\/div>\n        <\/div>\n    \n        <div class=\"col col-service-foreach medium-2 small-12\" hover=\"fade\" style=\"flex: 0 0 33.3333%; max-width: 33.3333%;\" >\n        <div class=\"col-inner\" style=\"background-color: rgb(255,255,255);\" >\n         <a href=\"http:\/\/store1.k-tech-services.com\/phapluat1\/dich-vu\/nhan-hieu\/\">\n            <div class=\"featured-box\" style=\"text-align: center;\">\n                <img decoding=\"async\" src=\"http:\/\/store1.k-tech-services.com\/phapluat1\/wp-content\/uploads\/2024\/12\/trademark-150x150.png\" width=\"96\" alt=\"Nh\u00e3n hi\u1ec7u\" style=\"margin-bottom:12px; max-height: 88px;\" \/>\n                <h3 class=\"mb-0\">Nh\u00e3n hi\u1ec7u<\/h3>\n            <\/div>\n            <\/a>\n        <\/div>\n        <\/div>\n    \n        <div class=\"col col-service-foreach medium-2 small-12\" hover=\"fade\" style=\"flex: 0 0 33.3333%; max-width: 33.3333%;\" >\n        <div class=\"col-inner\" style=\"background-color: rgb(255,255,255);\" >\n         <a href=\"http:\/\/store1.k-tech-services.com\/phapluat1\/dich-vu\/sang-che-giai-phap-huu-ich\/\">\n            <div class=\"featured-box\" style=\"text-align: center;\">\n                <img decoding=\"async\" src=\"http:\/\/store1.k-tech-services.com\/phapluat1\/wp-content\/uploads\/2024\/12\/patent-150x150.png\" width=\"96\" alt=\"S\u00e1ng ch\u1ebf\/Gi\u1ea3i ph\u00e1p h\u1eefu \u00edch\" style=\"margin-bottom:12px; max-height: 88px;\" \/>\n                <h3 class=\"mb-0\">S\u00e1ng ch\u1ebf\/Gi\u1ea3i ph\u00e1p h\u1eefu \u00edch<\/h3>\n            <\/div>\n            <\/a>\n        <\/div>\n        <\/div>\n    \n        <div class=\"col col-service-foreach medium-2 small-12\" hover=\"fade\" style=\"flex: 0 0 33.3333%; max-width: 33.3333%;\" >\n        <div class=\"col-inner\" style=\"background-color: rgb(255,255,255);\" >\n         <a href=\"http:\/\/store1.k-tech-services.com\/phapluat1\/dich-vu\/duy-tri-gia-han\/\">\n            <div class=\"featured-box\" style=\"text-align: center;\">\n                <img decoding=\"async\" src=\"http:\/\/store1.k-tech-services.com\/phapluat1\/wp-content\/uploads\/2024\/12\/lawsuit-150x150.png\" width=\"96\" alt=\"Th\u1ee7 t\u1ee5c kh\u00e1c\" style=\"margin-bottom:12px; max-height: 88px;\" \/>\n                <h3 class=\"mb-0\">Th\u1ee7 t\u1ee5c kh\u00e1c<\/h3>\n            <\/div>\n            <\/a>\n        <\/div>\n        <\/div>\n    \n        <div class=\"col col-service-foreach medium-2 small-12\" hover=\"fade\" style=\"flex: 0 0 33.3333%; max-width: 33.3333%;\" >\n        <div class=\"col-inner\" style=\"background-color: rgb(255,255,255);\" >\n         <a href=\"http:\/\/store1.k-tech-services.com\/phapluat1\/dich-vu\/xu-ly-xam-pham\/\">\n            <div class=\"featured-box\" style=\"text-align: center;\">\n                <img decoding=\"async\" src=\"http:\/\/store1.k-tech-services.com\/phapluat1\/wp-content\/uploads\/2024\/12\/infringement-150x150.png\" width=\"96\" alt=\"X\u1eed l\u00fd x\u00e2m ph\u1ea1m\" style=\"margin-bottom:12px; max-height: 88px;\" \/>\n                <h3 class=\"mb-0\">X\u1eed l\u00fd x\u00e2m ph\u1ea1m<\/h3>\n            <\/div>\n            <\/a>\n        <\/div>\n        <\/div>\n    <\/div>\n\n\n\t\t<\/div>\n\n\t\t\n<style>\n#section_1048107612 {\n  padding-top: 30px;\n  padding-bottom: 30px;\n  background-color: #f0462a;\n}\n<\/style>\n\t<\/section>\n\t\n\n","protected":false},"excerpt":{"rendered":"","protected":false},"author":1,"featured_media":0,"parent":0,"menu_order":0,"comment_status":"closed","ping_status":"closed","template":"page-blank.php","meta":{"footnotes":""},"class_list":["post-11","page","type-page","status-publish","hentry"],"_links":{"self":[{"href":"http:\/\/store1.k-tech-services.com\/phapluat1\/wp-json\/wp\/v2\/pages\/11","targetHints":{"allow":["GET"]}}],"collection":[{"href":"http:\/\/store1.k-tech-services.com\/phapluat1\/wp-json\/wp\/v2\/pages"}],"about":[{"href":"http:\/\/store1.k-tech-services.com\/phapluat1\/wp-json\/wp\/v2\/types\/page"}],"author":[{"embeddable":true,"href":"http:\/\/store1.k-tech-services.com\/phapluat1\/wp-json\/wp\/v2\/users\/1"}],"replies":[{"embeddable":true,"href":"http:\/\/store1.k-tech-services.com\/phapluat1\/wp-json\/wp\/v2\/comments?post=11"}],"version-history":[{"count":6,"href":"http:\/\/store1.k-tech-services.com\/phapluat1\/wp-json\/wp\/v2\/pages\/11\/revisions"}],"predecessor-version":[{"id":429,"href":"http:\/\/store1.k-tech-services.com\/phapluat1\/wp-json\/wp\/v2\/pages\/11\/revisions\/429"}],"wp:attachment":[{"href":"http:\/\/store1.k-tech-services.com\/phapluat1\/wp-json\/wp\/v2\/media?parent=11"}],"curies":[{"name":"wp","href":"https:\/\/api.w.org\/{rel}","templated":true}]}}